{"id":105,"date":"2020-12-05T07:51:53","date_gmt":"2020-12-05T06:51:53","guid":{"rendered":"https:\/\/www.mirkovic-zaunbau.de\/?page_id=105"},"modified":"2020-12-05T18:50:30","modified_gmt":"2020-12-05T17:50:30","slug":"leistungen","status":"publish","type":"page","link":"https:\/\/www.mirkovic-zaunbau.de\/?page_id=105","title":{"rendered":"LEISTUNGEN"},"content":{"rendered":"<h2>Einbau von Zaunsystemen<br \/>\nTore und Drehkreuze<br \/>\nBallfangz\u00e4une bis 6m H\u00f6he<br \/>\nGitterz\u00e4une<br \/>\nMaschendrahtz\u00e4une<br \/>\nJ\u00e4gerz\u00e4une<br \/>\nTennispl\u00e4tze<\/h2>\n<h2>Gerne verkaufen wir Ihnen auch alles, was Sie f\u00fcr den Bau eines Zaunes in Eigenleistung ben\u00f6tigen. Bitte kontaktieren Sie uns diesbez\u00fcglich!<\/h2>\n","protected":false},"excerpt":{"rendered":"<p>Einbau von Zaunsystemen Tore und Drehkreuze Ballfangz\u00e4une bis 6m H\u00f6he Gitterz\u00e4une Maschendrahtz\u00e4une J\u00e4gerz\u00e4une Tennispl\u00e4tze Gerne verkaufen wir Ihnen auch alles, was Sie f\u00fcr den Bau eines Zaunes in Eigenleistung ben\u00f6tigen. Bitte kontaktieren Sie uns diesbez\u00fcglich!<\/p>\n","protected":false},"author":1,"featured_media":0,"parent":0,"menu_order":0,"comment_status":"closed","ping_status":"closed","template":"","meta":{"footnotes":""},"class_list":["post-105","page","type-page","status-publish","hentry"],"_links":{"self":[{"href":"https:\/\/www.mirkovic-zaunbau.de\/index.php?rest_route=\/wp\/v2\/pages\/105","targetHints":{"allow":["GET"]}}],"collection":[{"href":"https:\/\/www.mirkovic-zaunbau.de\/index.php?rest_route=\/wp\/v2\/pages"}],"about":[{"href":"https:\/\/www.mirkovic-zaunbau.de\/index.php?rest_route=\/wp\/v2\/types\/page"}],"author":[{"embeddable":true,"href":"https:\/\/www.mirkovic-zaunbau.de\/index.php?rest_route=\/wp\/v2\/users\/1"}],"replies":[{"embeddable":true,"href":"https:\/\/www.mirkovic-zaunbau.de\/index.php?rest_route=%2Fwp%2Fv2%2Fcomments&post=105"}],"version-history":[{"count":2,"href":"https:\/\/www.mirkovic-zaunbau.de\/index.php?rest_route=\/wp\/v2\/pages\/105\/revisions"}],"predecessor-version":[{"id":109,"href":"https:\/\/www.mirkovic-zaunbau.de\/index.php?rest_route=\/wp\/v2\/pages\/105\/revisions\/109"}],"wp:attachment":[{"href":"https:\/\/www.mirkovic-zaunbau.de\/index.php?rest_route=%2Fwp%2Fv2%2Fmedia&parent=105"}],"curies":[{"name":"wp","href":"https:\/\/api.w.org\/{rel}","templated":true}]}}